{"id":43,"date":"2022-04-24T21:14:47","date_gmt":"2022-04-24T21:14:47","guid":{"rendered":"https:\/\/www.cern.com.tr\/?page_id=43"},"modified":"2022-04-28T18:04:42","modified_gmt":"2022-04-28T18:04:42","slug":"saglik-arastirmalari","status":"publish","type":"page","link":"https:\/\/www.cern.com.tr\/?page_id=43","title":{"rendered":"Sa\u011fl\u0131k Ara\u015ft\u0131rmalar\u0131"},"content":{"rendered":"\n<h2 class=\"wp-block-heading\">SA\u011eLIK ARA\u015eTIRMALARI<\/h2>\n\n\n\n<div style=\"height:25px\" aria-hidden=\"true\" id=\"saglik-finansmani\" class=\"wp-block-spacer\"><\/div>\n\n\n\n<div class=\"wp-block-buttons is-layout-flex wp-block-buttons-is-layout-flex\">\n<div class=\"wp-block-button is-style-outline is-style-outline--1\"><a class=\"wp-block-button__link\" href=\"#saglik-finansmani\"><strong>Sa\u011fl\u0131k Finansman\u0131<\/strong><\/a><\/div>\n\n\n\n<div class=\"wp-block-button is-style-outline is-style-outline--2\"><a class=\"wp-block-button__link\" href=\"#ilac-sektoru\"><strong>\u0130la\u00e7 Sekt\u00f6r\u00fc<\/strong><\/a><\/div>\n\n\n\n<div class=\"wp-block-button is-style-outline is-style-outline--3\"><a class=\"wp-block-button__link\" href=\"#tibbi-cihaz-sektoru\"><strong>T\u0131bb\u0131 Cihaz Sekt\u00f6r\u00fc<\/strong><\/a><\/div>\n\n\n\n<div class=\"wp-block-button is-style-outline is-style-outline--4\"><a class=\"wp-block-button__link\" href=\"#saglik-yonetimi\"><strong>Sa\u011fl\u0131k Y\u00f6netimi<\/strong><\/a><\/div>\n\n\n\n<div class=\"wp-block-button is-style-outline is-style-outline--5\"><a class=\"wp-block-button__link\" href=\"#saglik-yatirimlari\"><strong>Sa\u011fl\u0131k Yat\u0131r\u0131mlar\u0131<\/strong><\/a><\/div>\n\n\n\n<div class=\"wp-block-button is-style-outline is-style-outline--6\"><a class=\"wp-block-button__link\" href=\"#saglik-turizmi\"><strong>Sa\u011fl\u0131k Turizmi<\/strong><\/a><\/div>\n<\/div>\n\n\n\n<div style=\"height:50px\" aria-hidden=\"true\" class=\"wp-block-spacer\"><\/div>\n\n\n\n<h3 class=\"wp-block-heading\"><strong>Sa\u011fl\u0131k Finansman\u0131<\/strong><\/h3>\n\n\n\n<p><strong>Finansman Yap\u0131s\u0131;<\/strong>&nbsp;Bu b\u00f6l\u00fcmde T\u00fcrkiye\u2019de sa\u011fl\u0131k hizmetlerinin finansman yap\u0131s\u0131, y\u0131llar itibariyle finansman yap\u0131s\u0131ndaki geli\u015fmeleri, sa\u011fl\u0131k hizmetleri finansman\u0131nda kamunun ve \u00f6zel sekt\u00f6r\u00fcn pay\u0131n\u0131 bu sistemin avantaj veya dezavantajlar\u0131n\u0131 ve konu ile ilgili di\u011fer bilgileri ve analizleri bulabilirsiniz.<\/p>\n\n\n\n<p><strong>T\u00fcrkiye Toplam Sa\u011fl\u0131k Harcamalar\u0131;<\/strong>&nbsp; Bu b\u00f6l\u00fcmde T\u00fcrkiye\u2019de toplam sa\u011fl\u0131k ila\u00e7 harcamalar\u0131na ili\u015fkin verileri, sa\u011fl\u0131k harcamalar\u0131n\u0131n finansman sa\u011flayanlara ve hizmet sunucular\u0131na g\u00f6re da\u011f\u0131l\u0131m\u0131n\u0131, GHY\u0130H, sa\u011fl\u0131k harcamalar\u0131 ile vergi gelirleri ile kar\u015f\u0131la\u015ft\u0131r\u0131lmas\u0131 ve konu ile ilgili di\u011fer bilgileri ve analizleri bulabilirsiniz.<\/p>\n\n\n\n<p><strong>T\u00fcrkiye Kamu Sa\u011fl\u0131k Harcamalar\u0131;<\/strong>&nbsp; Bu b\u00f6l\u00fcmde T\u00fcrkiye\u2019de kamu sa\u011fl\u0131k harcamalar\u0131na ili\u015fkin verileri, kamu sa\u011fl\u0131k harcamalar\u0131n\u0131n y\u0131llar itibariyle geli\u015fimini,&nbsp; kamu sa\u011fl\u0131k harcamalar\u0131n\u0131n hizmet sunucular\u0131na g\u00f6re da\u011f\u0131l\u0131m\u0131n\u0131, GHS\u0130H, sa\u011fl\u0131k harcamalar\u0131 ile vergi gelirleri ile kar\u015f\u0131la\u015ft\u0131r\u0131lmas\u0131 ve konu ile ilgili di\u011fer bilgileri ve analizleri bulabilirsiniz.<\/p>\n\n\n\n<p><strong>T\u00fcrkiye \u00d6zel Sa\u011fl\u0131k Harcamalar\u0131;<\/strong>&nbsp; Bu b\u00f6l\u00fcmde T\u00fcrkiye\u2019de \u00f6zel sa\u011fl\u0131k&nbsp;harcamalar\u0131na ili\u015fkin verileri, \u00f6zel sa\u011fl\u0131k harcamalar\u0131n\u0131n y\u0131llar itibariyle geli\u015fimini,&nbsp; \u00f6zel sa\u011fl\u0131k harcamalar\u0131n\u0131n hizmet sunucular\u0131na g\u00f6re da\u011f\u0131l\u0131m\u0131n\u0131, cepten yap\u0131lan sa\u011fl\u0131k harcamalar\u0131n\u0131, katastrofik sa\u011fl\u0131k harcamalar\u0131n\u0131, GHY\u0130H, sa\u011fl\u0131k harcamalar\u0131 ile vergi gelirleri ile kar\u015f\u0131la\u015ft\u0131r\u0131lmas\u0131 ve konu ile ilgili di\u011fer bilgileri ve analizleri bulabilirsiniz.<\/p>\n\n\n\n<p id=\"ilac-sektoru\"><strong>Sa\u011fl\u0131k Teknoloji De\u011ferlendirme;<\/strong>&nbsp; Bu b\u00f6l\u00fcmde T\u00fcrkiye\u2019de ba\u015fta ila\u00e7, t\u0131bbi cihaz, tan\u0131 ve tedavi y\u00f6ntemleri olmak \u00fczere t\u00fcm sa\u011fl\u0131k teknolojilerinin de\u011ferlendirilmesi (STD) i\u00e7in klinik ve ekonomik kan\u0131tlar \u0131\u015f\u0131\u011f\u0131nda gerekli ara\u015ft\u0131rma ve analizleri, raporlara ve konu ile ilgili di\u011fer bilgileri ve analizleri bulabilirsiniz.<\/p>\n\n\n\n<p><strong>Finansal Y\u00f6netim;<\/strong>&nbsp; Bu b\u00f6l\u00fcmde T\u00fcrkiye\u2019de sa\u011fl\u0131k i\u015fletmelerinin finansal y\u00f6netimi ile ilgili analiz&nbsp; e raporlar\u0131, kamu sa\u011fl\u0131k kurulu\u015flar\u0131 i\u00e7in TDMS muhasebe y\u00f6netimi ve raporlar\u0131, mali analizler, stok ve demirba\u015f y\u00f6netimi, gelir\/gider analizlerini&nbsp; ve konu ile ilgili di\u011fer bilgileri ve analizleri bulabilirsiniz.<\/p>\n\n\n\n<h3 class=\"wp-block-heading\"><strong>\u0130la\u00e7 Sekt\u00f6r\u00fc<\/strong><\/h3>\n\n\n\n<p><strong>T\u00fcrkiye\u2019de \u0130la\u00e7 Harcamalar\u0131;<\/strong>&nbsp; Bu b\u00f6l\u00fcmde T\u00fcrkiye\u2019deki ila\u00e7 harcamalar\u0131na ili\u015fkin verileri, \u0130la\u00e7 harcamalar\u0131n\u0131n finansman sa\u011flayanlara ve hizmet sunucular\u0131na g\u00f6re da\u011f\u0131l\u0131m\u0131n\u0131, GHY\u0130H, Sa\u011fl\u0131k Harcamalar\u0131 ile vergi gelirleri ile kar\u015f\u0131la\u015ft\u0131r\u0131lmas\u0131, ki\u015fi ba\u015f\u0131, kutu ba\u015f\u0131, re\u00e7ete ba\u015f\u0131 ila\u00e7 harcamalar\u0131n\u0131 kamu ile \u00f6zel sekt\u00f6r ay\u0131r\u0131mlar\u0131 ile ve konu ile ilgili di\u011fer bilgileri ve analizleri bulabilirsiniz.<\/p>\n\n\n\n<p><strong>Yerli \u0130la\u00e7 \u00dcretimi:<\/strong>&nbsp; Bu b\u00f6l\u00fcmde T\u00fcrkiye\u2019deki ila\u00e7 \u00fcretim, ithalat ve ihracat rakamlar\u0131n\u0131 kutu baz\u0131nda ve tutar baz\u0131nda ATC ve Firmalar baz\u0131nda analiz edilmi\u015f olarak bulabilirsiniz. T\u00fcrkiye\u2019de ila\u00e7 \u00fcretim \u00e7abalar\u0131n\u0131 konu ile ilgili te\u015fvik, mevzuatlar\u0131 ve kamu eylem planlar\u0131n\u0131 vb. bilgi ve analizleri bulabilirsiniz.<\/p>\n\n\n\n<p><strong>\u0130la\u00e7 Fiyatland\u0131rma ve Geri \u00d6deme;<\/strong>&nbsp; Bu b\u00f6l\u00fcmde T\u00fcrkiye\u2019deki ila\u00e7 harcamalar\u0131n\u0131n finansman\u0131n\u0131, geri \u00f6deme uygulamalar\u0131n\u0131, konu ile ilgili mevzuat\u0131, sorumlu kurumlar\u0131 ve yetkileri ile ilac\u0131n&nbsp; fiyatland\u0131rmas\u0131n\u0131, ila\u00e7 fiyatlar\u0131n\u0131n y\u0131llar itibariyle analizini ve konu ile ilgili di\u011fer bilgileri ve analizleri bulabilirsiniz.<\/p>\n\n\n\n<p><strong>\u0130la\u00e7 Pazar Analizi;<\/strong>&nbsp; T\u00fcrkiye\u2019de ila\u00e7 sekt\u00f6r\u00fc pazar b\u00fcy\u00fckl\u00fc\u011f\u00fc, pazar\u0131n yap\u0131s\u0131, \u00fcretim, ithalat ve ihracat harcamalar\u0131na ili\u015fkin verileri, ila\u00e7&nbsp; fiyatlar\u0131n\u0131n analizini ve konu ile ilgili di\u011fer bilgileri ve analizleri bulabilirsiniz.<\/p>\n\n\n\n<p id=\"tibbi-cihaz-sektoru\"><strong>Y\u00f6netim ve Mevzuat;<\/strong>&nbsp; Bu b\u00f6l\u00fcmde T\u00fcrkiye\u2019de ila\u00e7 sekt\u00f6r\u00fcn\u00fcn y\u00f6netimini, yetkili kurumlar\u0131 ve g\u00f6revlerini, ila\u00e7lar\u0131n ruhsatland\u0131r\u0131lmas\u0131ndan nihai t\u00fcketiciye ula\u015f\u0131ncaya kadar mevzuat\u0131&nbsp; ve konu ile ilgili di\u011fer bilgileri ve analizleri bulabilirsiniz.<\/p>\n\n\n\n<p><strong>A\u015f\u0131 Sekt\u00f6r\u00fc;<\/strong>&nbsp; T\u00fcrkiye\u2019de&nbsp;a\u015f\u0131 harcamalar\u0131n\u0131 , a\u015f\u0131 temin y\u00f6ntemlerini, yerli a\u015f\u0131 \u00fcretimi ile ilgili \u00e7al\u0131\u015fma ve te\u015fvikler ile mevzuat\u0131&nbsp; ve konu ile ilgili di\u011fer bilgileri ve analizleri bulabilirsiniz.<\/p>\n\n\n\n<h3 class=\"wp-block-heading\"><strong>T\u0131bb\u0131 Cihaz Sekt\u00f6r\u00fc<\/strong><\/h3>\n\n\n\n<p><strong>Laboratuvar Cihazlar\u0131;<\/strong>&nbsp; Bu b\u00f6l\u00fcmde T\u00fcrkiye\u2019deki&nbsp; t\u0131bbi laboratuvar sekt\u00f6r\u00fcne ili\u015fkin verileri, t\u0131bbi laboratuvar sekt\u00f6r\u00fc harcamalar\u0131n\u0131, sekt\u00f6r\u00fcn&nbsp; finansman\u0131n\u0131, t\u0131bbi laboratuvar fiyatlar\u0131n\u0131n analizini, &nbsp;kamu kurumlar\u0131nca temin y\u00f6ntemlerini, hizmet sunumunun kontrol\u00fc ve hizmet bedellerinin \u00f6denmesini&nbsp; ve konu ile ilgili di\u011fer bilgileri ve analizleri bulabilirsiniz.<\/p>\n\n\n\n<p><strong>T\u0131bbi Cihaz Harcamalar\u0131;<\/strong>&nbsp; T\u00fcrkiye\u2019de&nbsp;t\u0131bbi cihaz harcamalar\u0131na ili\u015fkin verileri, t\u0131bbi cihaz&nbsp; harcamalar\u0131n\u0131n finansman\u0131n\u0131,&nbsp; harcamalar\u0131n&nbsp; finansman\u0131 sa\u011flayanlara ve hizmet sunucular\u0131na g\u00f6re da\u011f\u0131l\u0131m\u0131n\u0131, GHY\u0130H, Sa\u011fl\u0131k Harcamalar\u0131 ile vergi gelirleri ile kar\u015f\u0131la\u015ft\u0131r\u0131lmas\u0131, ki\u015fi ba\u015f\u0131, muayene ve yatan hasta ve ameliyat ba\u015f\u0131 t\u0131bbi cihaz harcamalar\u0131n\u0131 kamu ile \u00f6zel sekt\u00f6r ay\u0131r\u0131mlar\u0131 ile ve konu ile ilgili di\u011fer bilgileri ve analizleri bulabilirsiniz.<\/p>\n\n\n\n<p><strong>G\u00f6r\u00fcnt\u00fcleme Cihazlar\u0131<\/strong> T\u00fcrkiye\u2019de&nbsp;g\u00f6r\u00fcnt\u00fcleme&nbsp; sekt\u00f6r\u00fcne ili\u015fkin verileri, g\u00f6r\u00fcnt\u00fcleme&nbsp; sekt\u00f6r\u00fc harcamalar\u0131n\u0131, sekt\u00f6r\u00fcn&nbsp; finansman\u0131n\u0131,&nbsp; g\u00f6r\u00fcnt\u00fcleme cihazlar\u0131n\u0131n&nbsp; fiyatlar\u0131n\u0131n analizini,&nbsp; kamu kurumlar\u0131nca temin y\u00f6ntemlerini, T\u00fcrkiye\u2019nin 2023 y\u0131l\u0131na kadar ileri teknoloji gerektiren y\u00fcksek maliyetli t\u0131bbi cihaz (MR, BT, USG gibi) ihtiyac\u0131n\u0131n projeksiyonlar\u0131n\u0131, hizmet sunumunun kontrol\u00fc ve hizmet bedellerinin \u00f6denmesini&nbsp; ve konu ile ilgili di\u011fer bilgileri ve analizleri bulabilirsiniz.<\/p>\n\n\n\n<p><strong>T\u0131bbi Cihaz Pazar Analizi;<\/strong>&nbsp; T\u00fcrkiye\u2019de&nbsp;t\u0131bbi cihaz pazar b\u00fcy\u00fckl\u00fc\u011f\u00fc, pazar\u0131n yap\u0131s\u0131, \u00fcretim, ithalat ve ihracat harcamalar\u0131na ili\u015fkin verileri, t\u0131bbi cihaz&nbsp; fiyatlar\u0131n\u0131n analizini ve konu ile ilgili di\u011fer bilgileri ve analizleri bulabilirsiniz.<\/p>\n\n\n\n<p id=\"saglik-yonetimi\"><strong>T\u0131bbi Cihaz Fiyat ve Geri \u00d6deme;<\/strong>&nbsp; Bu b\u00f6l\u00fcmde T\u00fcrkiye\u2019deki t\u0131bbi cihaz&nbsp; harcamalar\u0131n\u0131n finansman\u0131n\u0131, geri \u00f6deme uygulamalar\u0131n\u0131, konu ile ilgili mevzuat\u0131, sorumlu kurumlar\u0131 ve yetkileri ile t\u0131bbi cihazlar\u0131n fiyatland\u0131rmas\u0131n\u0131, t\u0131bbi cihazlar\u0131n fiyatlar\u0131n\u0131n y\u0131llar itibariyle analizini ve konu ile ilgili di\u011fer bilgileri ve analizleri bulabilirsiniz.<\/p>\n\n\n\n<p><strong>T\u0131bbi Cihaz \u00dcretimi ;<\/strong>&nbsp; Bu b\u00f6l\u00fcmde T\u00fcrkiye\u2019deki t\u0131bbi cihaz&nbsp; \u00fcretim miktar ve tutarlar\u0131n\u0131,&nbsp; T\u00fcrkiye\u2019de t\u0131bbi cihaz \u00fcretim \u00e7abalar\u0131n\u0131 konu ile ilgili te\u015fvik, mevzuatlar\u0131 ve kamu eylem planlar\u0131n\u0131 vb. bilgi ve analizleri bulabilirsiniz.<\/p>\n\n\n\n<h3 class=\"wp-block-heading\"><strong>Sa\u011fl\u0131k Y\u00f6netimi<\/strong><\/h3>\n\n\n\n<p><strong>Sa\u011fl\u0131k Personeli;<\/strong>&nbsp; Bu b\u00f6l\u00fcmde T\u00fcrkiye\u2019de sa\u011fl\u0131k personeli ile ilgili verileri, sa\u011fl\u0131k personeli mevzuat ve y\u00f6netimini, sa\u011fl\u0131k personelinin mali ve sosyal haklar\u0131n\u0131, sa\u011fl\u0131k personel ihtiyac\u0131 ve i\u015f y\u00fck\u00fc analizlerini ve konu ile ilgili di\u011fer bilgileri ve analizleri bulabilirsiniz.<\/p>\n\n\n\n<p><strong>Sa\u011fl\u0131k Te\u015fkilat\u0131;<\/strong>&nbsp; Bu b\u00f6l\u00fcmde T\u00fcrkiye\u2019de sa\u011fl\u0131k te\u015fkilat yap\u0131s\u0131, merkez ve ta\u015fra birimlerini, bu birimlerin g\u00f6rev, yetki ve sorumluluklar\u0131, y\u0131llar itibariyle sa\u011fl\u0131k te\u015fkilat\u0131ndaki geli\u015fmeleri&nbsp; kamu ve \u00f6zel sekt\u00f6r\u00fcn analizlerini ve konu ile ilgili di\u011fer bilgileri ve analizleri bulabilirsiniz.<\/p>\n\n\n\n<p><strong>T\u00fcrkiye Sa\u011fl\u0131k Hizmet Al\u0131mlar\u0131;<\/strong>&nbsp; &nbsp;T\u00fcrkiye\u2019de sa\u011fl\u0131k hizmet al\u0131mlar\u0131&nbsp; ile ilgili verileri, sa\u011fl\u0131k hizmet al\u0131mlar\u0131n\u0131n &nbsp;mevzuat ve y\u00f6netimini, kamu ihale mevzuat\u0131na g\u00f6re tedarik, hizmet sunumu, kontrol\u00fc, \u00f6deme ve muhasebe i\u015flemlerini&nbsp;&nbsp; ve konu ile ilgili di\u011fer bilgileri ve analizleri bulabilirsiniz.<\/p>\n\n\n\n<p><strong>Performans Sistemi;<\/strong>&nbsp; Bu b\u00f6l\u00fcmde T\u00fcrkiye\u2019de sa\u011fl\u0131k personeli i\u00e7in uygulanmakta olan performansa dayal\u0131 ek \u00f6deme ile ilgili verileri, ek \u00f6deme sistemini,&nbsp; ek \u00f6deme uygulamalar\u0131n\u0131n sa\u011fl\u0131k sistemine ve sa\u011fl\u0131k personeli etkisini,&nbsp; mevzuat ve y\u00f6netimini, sistemin yeniden kurgulanmas\u0131n\u0131 ve konu ile ilgili di\u011fer bilgileri ve analizleri bulabilirsiniz.<\/p>\n\n\n\n<p id=\"saglik-yatirimlari\"><strong>Kalite ve Akreditasyon;<\/strong>&nbsp; Bu b\u00f6l\u00fcmde T\u00fcrkiye sa\u011fl\u0131k sisteminde uygulanmakta olan kalite ve akreditasyon sistemi ile ilgili verileri, T\u00fcrkiye\u2019nin ek kalite ve akreditasyon sistem ihtiyac\u0131n\u0131, kalite ve akreditasyon sisteminin sa\u011fl\u0131k sistemine ve sa\u011fl\u0131k personeli etkisini,&nbsp; mevzuat ve y\u00f6netimini, sistemin yeniden kurgulanmas\u0131n\u0131 ve konu ile ilgili di\u011fer bilgileri ve analizleri bulabilirsiniz.<\/p>\n\n\n\n<p><strong>Sa\u011fl\u0131k Bilgi Sistemleri;<\/strong>&nbsp; Bu b\u00f6l\u00fcmde T\u00fcrkiye\u2019de sa\u011fl\u0131k kurumlar\u0131nda uygulanmakta olan HBYS ile ilgili verileri, HBYS uygulamalar\u0131n\u0131n sa\u011fl\u0131k sistemine ve sa\u011fl\u0131k personeli etkisini,&nbsp; mevzuat ve y\u00f6netimini,&nbsp; kamu ihale mevzuat\u0131 \u00e7er\u00e7evesinde tedarik edilmesini ve konu ile ilgili di\u011fer bilgileri ve analizleri bulabilirsiniz.<\/p>\n\n\n\n<h3 class=\"wp-block-heading\"><strong>Sa\u011fl\u0131k Yat\u0131r\u0131mlar\u0131<\/strong><\/h3>\n\n\n\n<p><strong>ArGe;<\/strong>&nbsp; Bu b\u00f6l\u00fcmde T\u00fcrkiye\u2019de sa\u011fl\u0131k sekt\u00f6r\u00fcnde ar-ge ile ilgili verileri,&nbsp; ar-ge uygulamalar\u0131n\u0131n sa\u011fl\u0131k sistemine ve sa\u011fl\u0131k ekonomisine etkisini,&nbsp; mevzuat ve y\u00f6netimini, ar-ge ile ilgili te\u015fvikleri&nbsp; ve konu ile ilgili di\u011fer bilgileri ve analizleri bulabilirsiniz.<\/p>\n\n\n\n<p><strong>\u015eehir Hastaneleri (PPP);<\/strong>&nbsp; Bu b\u00f6l\u00fcmde T\u00fcrkiye\u2019de Kamu \u00d6zel \u0130\u015fbirli\u011fi y\u00f6ntemiyle yapt\u0131r\u0131lan \u015fehir hastaneleri ile ilgili verileri, \u015fehir hastane uygulamalar\u0131n\u0131, \u015fehir hastanelerinin sa\u011fl\u0131k sistemine ve sa\u011fl\u0131k personeli etkisini,&nbsp; mevzuat ve y\u00f6netimini ve konu ile ilgili di\u011fer bilgileri ve analizleri bulabilirsiniz.<\/p>\n\n\n\n<p><strong>Planlama;<\/strong>&nbsp; Bu b\u00f6l\u00fcmde T\u00fcrkiye\u2019de sa\u011fl\u0131k sekt\u00f6r\u00fcnde sa\u011fl\u0131k hizmetleri,&nbsp; sa\u011fl\u0131k kurulu\u015flar\u0131, cihazlar\u0131 ve&nbsp; personeli ile ilgili planlama \u00e7al\u0131\u015fmalar\u0131n\u0131, sa\u011fl\u0131k bina ve hizmetlerinin ruhsatland\u0131r\u0131lmas\u0131n\u0131, sa\u011fl\u0131k planlamas\u0131n\u0131n sa\u011fl\u0131k sistemine ve personeline etkisini mevzuat ve y\u00f6netimini konu ile ilgili di\u011fer bilgileri ve analizleri bulabilirsiniz.<\/p>\n\n\n\n<p><strong>Te\u015fvikler;<\/strong>&nbsp; Bu b\u00f6l\u00fcmde T\u00fcrkiye\u2019de sa\u011fl\u0131k sekt\u00f6r\u00fc ile ilgili te\u015fvik uygulamalar\u0131n, sa\u011fl\u0131k te\u015fviklerinin mevzuat ve y\u00f6netimini ve konu ile ilgili di\u011fer bilgileri ve analizleri bulabilirsiniz.<\/p>\n\n\n\n<p><strong>Yat\u0131r\u0131m F\u0131rsatlar\u0131;<\/strong>&nbsp; Bu b\u00f6l\u00fcmde T\u00fcrkiye\u2019de sa\u011fl\u0131k sekt\u00f6r\u00fcnde yat\u0131r\u0131m f\u0131rsatlar\u0131n\u0131,&nbsp; sa\u011fl\u0131k yat\u0131r\u0131mlar\u0131 ile ilgili te\u015fvikleri&nbsp; ve konu ile ilgili di\u011fer bilgileri ve analizleri bulabilirsiniz.<\/p>\n\n\n\n<p id=\"saglik-turizmi\"><strong>Sa\u011fl\u0131k Binalar\u0131 Projelendirme;<\/strong>&nbsp; Bu b\u00f6l\u00fcmde T\u00fcrkiye\u2019de gerek kamu gerekse \u00f6zel sekt\u00f6r\u00fcn ihtiyac\u0131 olan sa\u011fl\u0131k binalar\u0131n\u0131n ta\u015f\u0131mas\u0131 gereken asgari nitelikleri, bina lokasyonu ve di\u011fer hususlar dikkate al\u0131narak haz\u0131rlanmas\u0131 gereken proje \u00f6zelliklerini ve konu ile ilgili di\u011fer bilgileri ve analizleri bulabilirsiniz.<\/p>\n\n\n\n<h3 class=\"wp-block-heading\"><strong>Sa\u011fl\u0131k Turizmi<\/strong><\/h3>\n\n\n\n<p><strong>Genel Sa\u011fl\u0131k Sigortas\u0131;<\/strong>&nbsp; Bu b\u00f6l\u00fcmde T\u00fcrkiye\u2019de uygulanmakta olan Genel Sa\u011fl\u0131k Sigortas\u0131 ile ilgili verileri, GSS uygulamalar\u0131n\u0131n sa\u011fl\u0131k sistemine ve sa\u011fl\u0131k personeli etkisini,&nbsp; mevzuat ve y\u00f6netimini, Sa\u011fl\u0131k Uygulama Tebli\u011fi&nbsp; ve konu ile ilgili di\u011fer bilgileri ve analizleri bulabilirsiniz.<\/p>\n\n\n\n<p><strong>Sa\u011fl\u0131k Hizmet Sunumu;<\/strong>&nbsp; Bu b\u00f6l\u00fcmde T\u00fcrkiye\u2019de sa\u011fl\u0131k hizmet sunumu ile ilgili verileri, sa\u011fl\u0131k hizmet sunum kurallar\u0131n\u0131,&nbsp; mevzuat ve y\u00f6netimini ve konu ile ilgili di\u011fer bilgileri ve analizleri bulabilirsiniz.<\/p>\n\n\n\n<p><strong>Sa\u011fl\u0131k Sistemi Analizi;<\/strong>&nbsp; Bu b\u00f6l\u00fcmde T\u00fcrkiye&nbsp; sa\u011fl\u0131k sistemi&nbsp; ile ilgili verileri, T\u00fcrkiye sa\u011fl\u0131k sisteminin analizi ve uluslararas\u0131 sa\u011fl\u0131k sistemleri, ile mukayesesi ve konu ile ilgili di\u011fer bilgileri ve analizleri bulabilirsiniz.<\/p>\n\n\n\n<p><strong>Sa\u011fl\u0131k Turizmi;<\/strong>&nbsp; Bu b\u00f6l\u00fcmde T\u00fcrkiye\u2019de sa\u011fl\u0131k turizmi ile ilgili verileri, sa\u011fl\u0131k turizminde hizmet sunum kurallar\u0131n\u0131,&nbsp; mevzuat ve y\u00f6netimini, sa\u011fl\u0131k turizm hizmeti veren \u00f6zel ve kamu kurulu\u015flar\u0131n\u0131 ve konu ile ilgili di\u011fer bilgileri ve analizleri bulabilirsiniz.<\/p>\n\n\n\n<p><strong>Turistin Sa\u011fl\u0131\u011f\u0131;<\/strong>&nbsp; Bu b\u00f6l\u00fcmde T\u00fcrkiye\u2019de turistin sa\u011fl\u0131\u011f\u0131 \u00e7er\u00e7evesinde sunulan sa\u011fl\u0131k hizmetleri ile ilgili verileri, hizmet sunum kurallar\u0131n\u0131,&nbsp; mevzuat ve y\u00f6netimini,&nbsp; turistin sa\u011fl\u0131\u011f\u0131 \u00e7er\u00e7evesinde hizmet sunumu yapan \u00f6zel ve kamu kurulu\u015flar\u0131n\u0131 ve konu ile ilgili di\u011fer bilgileri ve analizleri bulabilirsiniz.<\/p>\n\n\n\n<p><strong>M\u00fcltecilerin Sa\u011fl\u0131\u011f\u0131;<\/strong>&nbsp; Bu b\u00f6l\u00fcmde T\u00fcrkiye\u2019de bulunan m\u00fclteciler i\u00e7in &nbsp;sunulan sa\u011fl\u0131k hizmetleri ile ilgili verileri, hizmet sunum kurallar\u0131n\u0131,&nbsp; mevzuat ve y\u00f6netimini m\u00fclteciler i\u00e7in yap\u0131lan sa\u011fl\u0131k harcamalar\u0131n\u0131 ve konu ile ilgili di\u011fer bilgileri ve analizleri bulabilirsiniz.<\/p>\n","protected":false},"excerpt":{"rendered":"<p>SA\u011eLIK ARA\u015eTIRMALARI Sa\u011fl\u0131k Finansman\u0131 Finansman Yap\u0131s\u0131;&nbsp;Bu b\u00f6l\u00fcmde T\u00fcrkiye\u2019de sa\u011fl\u0131k hizmetlerinin finansman yap\u0131s\u0131, y\u0131llar itibariyle finansman yap\u0131s\u0131ndaki geli\u015fmeleri, sa\u011fl\u0131k hizmetleri finansman\u0131nda kamunun ve \u00f6zel sekt\u00f6r\u00fcn pay\u0131n\u0131 bu sistemin avantaj veya dezavantajlar\u0131n\u0131 &#8230;<\/p>\n","protected":false},"author":1,"featured_media":0,"parent":0,"menu_order":0,"comment_status":"closed","ping_status":"closed","template":"","meta":{"footnotes":""},"class_list":["post-43","page","type-page","status-publish","hentry"],"_links":{"self":[{"href":"https:\/\/www.cern.com.tr\/index.php?rest_route=\/wp\/v2\/pages\/43","targetHints":{"allow":["GET"]}}],"collection":[{"href":"https:\/\/www.cern.com.tr\/index.php?rest_route=\/wp\/v2\/pages"}],"about":[{"href":"https:\/\/www.cern.com.tr\/index.php?rest_route=\/wp\/v2\/types\/page"}],"author":[{"embeddable":true,"href":"https:\/\/www.cern.com.tr\/index.php?rest_route=\/wp\/v2\/users\/1"}],"replies":[{"embeddable":true,"href":"https:\/\/www.cern.com.tr\/index.php?rest_route=%2Fwp%2Fv2%2Fcomments&post=43"}],"version-history":[{"count":22,"href":"https:\/\/www.cern.com.tr\/index.php?rest_route=\/wp\/v2\/pages\/43\/revisions"}],"predecessor-version":[{"id":228,"href":"https:\/\/www.cern.com.tr\/index.php?rest_route=\/wp\/v2\/pages\/43\/revisions\/228"}],"wp:attachment":[{"href":"https:\/\/www.cern.com.tr\/index.php?rest_route=%2Fwp%2Fv2%2Fmedia&parent=43"}],"curies":[{"name":"wp","href":"https:\/\/api.w.org\/{rel}","templated":true}]}}