{"id":41,"date":"2022-04-24T21:14:27","date_gmt":"2022-04-24T21:14:27","guid":{"rendered":"https:\/\/www.cern.com.tr\/?page_id=41"},"modified":"2022-04-25T21:16:24","modified_gmt":"2022-04-25T21:16:24","slug":"danismanlik","status":"publish","type":"page","link":"https:\/\/www.cern.com.tr\/?page_id=41","title":{"rendered":"Dan\u0131\u015fmanl\u0131k"},"content":{"rendered":"\n<h2 class=\"wp-block-heading\">DANISMANLIK<\/h2>\n\n\n\n<h3 class=\"wp-block-heading\"><strong>Proje Destek<\/strong><\/h3>\n\n\n\n<p>Ulusal (T\u00dcB\u0130TAK, KOSGEB, SANTEZ, Kalk\u0131nma Ajanslar\u0131) ve\/veya uluslararas\u0131 kaynaklardan (AB ve D\u00fcnya Bankas\u0131 fonlar\u0131) finanse edilen projelerin haz\u0131rlanmas\u0131, yaz\u0131lm\u0131\u015f projelerin incelenmesi ve ara\u015ft\u0131rmac\u0131lara projeleriyle ilgili kaynak bulunmas\u0131 konular\u0131nda dan\u0131\u015fmanl\u0131k hizmeti veriyoruz.<\/p>\n\n\n\n<h3 class=\"wp-block-heading\"><strong style=\"user-select: auto;\">Tesis Kurulumu<\/strong><\/h3>\n\n\n\n<p>Yeni kuraca\u011f\u0131n\u0131z be\u015feri ila\u00e7 \u00fcretim tesisi ve radyofarmasotik \u00fcretim tesisi kurulmas\u0131 konusunda dan\u0131\u015fmanl\u0131k hizmetleri vermekteyiz. Bu hizmetler: Planlama, Haz\u0131rl\u0131k, \u0130n\u015faat, Ekipman\/Cihaz kurulumu, Deneme \u00fcretimi basamaklar\u0131ndan olu\u015fmaktad\u0131r.<\/p>\n","protected":false},"excerpt":{"rendered":"<p>DANISMANLIK Proje Destek Ulusal (T\u00dcB\u0130TAK, KOSGEB, SANTEZ, Kalk\u0131nma Ajanslar\u0131) ve\/veya uluslararas\u0131 kaynaklardan (AB ve D\u00fcnya Bankas\u0131 fonlar\u0131) finanse edilen projelerin haz\u0131rlanmas\u0131, yaz\u0131lm\u0131\u015f projelerin incelenmesi ve ara\u015ft\u0131rmac\u0131lara projeleriyle ilgili kaynak bulunmas\u0131 &#8230;<\/p>\n","protected":false},"author":1,"featured_media":0,"parent":0,"menu_order":0,"comment_status":"closed","ping_status":"closed","template":"","meta":{"footnotes":""},"class_list":["post-41","page","type-page","status-publish","hentry"],"_links":{"self":[{"href":"https:\/\/www.cern.com.tr\/index.php?rest_route=\/wp\/v2\/pages\/41","targetHints":{"allow":["GET"]}}],"collection":[{"href":"https:\/\/www.cern.com.tr\/index.php?rest_route=\/wp\/v2\/pages"}],"about":[{"href":"https:\/\/www.cern.com.tr\/index.php?rest_route=\/wp\/v2\/types\/page"}],"author":[{"embeddable":true,"href":"https:\/\/www.cern.com.tr\/index.php?rest_route=\/wp\/v2\/users\/1"}],"replies":[{"embeddable":true,"href":"https:\/\/www.cern.com.tr\/index.php?rest_route=%2Fwp%2Fv2%2Fcomments&post=41"}],"version-history":[{"count":3,"href":"https:\/\/www.cern.com.tr\/index.php?rest_route=\/wp\/v2\/pages\/41\/revisions"}],"predecessor-version":[{"id":223,"href":"https:\/\/www.cern.com.tr\/index.php?rest_route=\/wp\/v2\/pages\/41\/revisions\/223"}],"wp:attachment":[{"href":"https:\/\/www.cern.com.tr\/index.php?rest_route=%2Fwp%2Fv2%2Fmedia&parent=41"}],"curies":[{"name":"wp","href":"https:\/\/api.w.org\/{rel}","templated":true}]}}