{"id":39,"date":"2022-04-24T21:14:15","date_gmt":"2022-04-24T21:14:15","guid":{"rendered":"https:\/\/www.cern.com.tr\/?page_id=39"},"modified":"2022-04-24T22:55:11","modified_gmt":"2022-04-24T22:55:11","slug":"ar-ge","status":"publish","type":"page","link":"https:\/\/www.cern.com.tr\/?page_id=39","title":{"rendered":"Ar-ge"},"content":{"rendered":"\n<h2 class=\"wp-block-heading\">ARGE<\/h2>\n\n\n\n<h3 class=\"wp-block-heading\"><strong>Biyoteknoloji<\/strong><\/h3>\n\n\n\n<p>CERN , biyoteknolojik \u00fcr\u00fcn projelerine destekleyici dan\u0131\u015fmanl\u0131k hizmeti vermektedir. Biyoteknolojik \u00fcr\u00fcnlerle ile ilgili; ara\u015ft\u0131rma geli\u015ftirme, pilot \u00fcretim yada end\u00fcstriyel bazda \u00fcretim hedefi olan ve finansal destek aray\u0131\u015f\u0131nda olan m\u00fc\u015fterilerimize en do\u011fru ulusal yada uluslararas\u0131 deste\u011fi almaya y\u00f6nelik proje dosyalar\u0131n\u0131n haz\u0131rlanmas\u0131, varsa daha \u00f6nce ba\u015fvurusu yap\u0131lm\u0131\u015f projelerinin revizyonu ve projelerinin kabul\u00fcnden itibaren de projelerin y\u00f6netilmesi a\u015famas\u0131nda profesyonel destek veriyoruz.<\/p>\n\n\n\n<h3 class=\"wp-block-heading\"><strong>Klinik Ara\u015ft\u0131rmalar<\/strong><\/h3>\n\n\n\n<p>Preklinik \u00e7al\u0131\u015fmalar (in-vitro, in-vivo ve hayvan \u00e7al\u0131\u015fmalar\u0131) ve talep olmas\u0131 halinde, faz I\u2019den faz IV\u2019e kadar t\u00fcm klinik \u00e7al\u0131\u015fmalar organize edilir ve tercihe g\u00f6re ulusal, AB ve FDA mevzuatlar\u0131na uygun olarak y\u00fcr\u00fct\u00fcl\u00fcr. Bu organizasyon a\u015fa\u011f\u0131dakilerle s\u0131n\u0131rl\u0131 olmamak \u00fczere; Fizibilite, Protokol yazma, Etik Kurul ve Sa\u011fl\u0131k Bakanl\u0131\u011f\u0131 dosyalar\u0131n\u0131n haz\u0131rlanmas\u0131 ve sunulmas\u0131, Adverse olay bildirimleri, Veri toplama, \u00c7al\u0131\u015fman\u0131n analizi ve raporlamas\u0131n\u0131 i\u00e7erir.<\/p>\n","protected":false},"excerpt":{"rendered":"<p>ARGE Biyoteknoloji CERN , biyoteknolojik \u00fcr\u00fcn projelerine destekleyici dan\u0131\u015fmanl\u0131k hizmeti vermektedir. Biyoteknolojik \u00fcr\u00fcnlerle ile ilgili; ara\u015ft\u0131rma geli\u015ftirme, pilot \u00fcretim yada end\u00fcstriyel bazda \u00fcretim hedefi olan ve finansal destek aray\u0131\u015f\u0131nda olan &#8230;<\/p>\n","protected":false},"author":1,"featured_media":0,"parent":0,"menu_order":0,"comment_status":"closed","ping_status":"closed","template":"","meta":{"footnotes":""},"class_list":["post-39","page","type-page","status-publish","hentry"],"_links":{"self":[{"href":"https:\/\/www.cern.com.tr\/index.php?rest_route=\/wp\/v2\/pages\/39","targetHints":{"allow":["GET"]}}],"collection":[{"href":"https:\/\/www.cern.com.tr\/index.php?rest_route=\/wp\/v2\/pages"}],"about":[{"href":"https:\/\/www.cern.com.tr\/index.php?rest_route=\/wp\/v2\/types\/page"}],"author":[{"embeddable":true,"href":"https:\/\/www.cern.com.tr\/index.php?rest_route=\/wp\/v2\/users\/1"}],"replies":[{"embeddable":true,"href":"https:\/\/www.cern.com.tr\/index.php?rest_route=%2Fwp%2Fv2%2Fcomments&post=39"}],"version-history":[{"count":2,"href":"https:\/\/www.cern.com.tr\/index.php?rest_route=\/wp\/v2\/pages\/39\/revisions"}],"predecessor-version":[{"id":166,"href":"https:\/\/www.cern.com.tr\/index.php?rest_route=\/wp\/v2\/pages\/39\/revisions\/166"}],"wp:attachment":[{"href":"https:\/\/www.cern.com.tr\/index.php?rest_route=%2Fwp%2Fv2%2Fmedia&parent=39"}],"curies":[{"name":"wp","href":"https:\/\/api.w.org\/{rel}","templated":true}]}}