{"id":210,"date":"2022-04-25T21:05:01","date_gmt":"2022-04-25T21:05:01","guid":{"rendered":"https:\/\/www.cern.com.tr\/?page_id=210"},"modified":"2022-04-28T18:03:39","modified_gmt":"2022-04-28T18:03:39","slug":"iletisim","status":"publish","type":"page","link":"https:\/\/www.cern.com.tr\/?page_id=210","title":{"rendered":"\u0130leti\u015fim"},"content":{"rendered":"\t\t<div data-elementor-type=\"wp-page\" data-elementor-id=\"210\" class=\"elementor elementor-210\">\n\t\t\t\t\t\t<section class=\"elementor-section elementor-top-section elementor-element elementor-element-5750324 elementor-section-boxed elementor-section-height-default elementor-section-height-default\" data-id=\"5750324\" data-element_type=\"section\" data-e-type=\"section\">\n\t\t\t\t\t\t<div class=\"elementor-container elementor-column-gap-default\">\n\t\t\t\t\t<div class=\"elementor-column elementor-col-100 elementor-top-column elementor-element elementor-element-7909514\" data-id=\"7909514\" data-element_type=\"column\" data-e-type=\"column\">\n\t\t\t<div class=\"elementor-widget-wrap elementor-element-populated\">\n\t\t\t\t\t\t<div class=\"elementor-element elementor-element-8a71d82 elementor-widget elementor-widget-heading\" data-id=\"8a71d82\" data-element_type=\"widget\" data-e-type=\"widget\" data-widget_type=\"heading.default\">\n\t\t\t\t<div class=\"elementor-widget-container\">\n\t\t\t\t\t<h2 class=\"elementor-heading-title elementor-size-default\">\u0130leti\u015fim<\/h2>\t\t\t\t<\/div>\n\t\t\t\t<\/div>\n\t\t\t\t<div class=\"elementor-element elementor-element-b026dc1 elementor-widget elementor-widget-text-editor\" data-id=\"b026dc1\" data-element_type=\"widget\" data-e-type=\"widget\" data-widget_type=\"text-editor.default\">\n\t\t\t\t<div class=\"elementor-widget-container\">\n\t\t\t\t\t\t\t\t\t<p>Cern Ar-Ge Klinik Ara\u015ft\u0131rmalar Medikal Y\u00f6netim Hizmetleri Bili\u015fim Teknolojileri Elektronik Yaz\u0131l\u0131m Dan\u0131\u015fmanl\u0131k Tic. Ltd. \u015eti.<br \/>Mustafa Kemal Mahallesi, Dumlup\u0131nar Bulvar\u0131, Kap\u0131 No:280, G Daire No:1260 \/ \u00c7ankaya \/ Ankara \/ TR<\/p><p><strong>info@cern.com.tr<\/strong><\/p>\t\t\t\t\t\t\t\t<\/div>\n\t\t\t\t<\/div>\n\t\t\t\t\t<\/div>\n\t\t<\/div>\n\t\t\t\t\t<\/div>\n\t\t<\/section>\n\t\t\t\t<section class=\"elementor-section elementor-top-section elementor-element elementor-element-90d50a5 elementor-section-boxed elementor-section-height-default elementor-section-height-default\" data-id=\"90d50a5\" data-element_type=\"section\" data-e-type=\"section\">\n\t\t\t\t\t\t<div class=\"elementor-container elementor-column-gap-default\">\n\t\t\t\t\t<div class=\"elementor-column elementor-col-100 elementor-top-column elementor-element elementor-element-60145bd\" data-id=\"60145bd\" data-element_type=\"column\" data-e-type=\"column\">\n\t\t\t<div class=\"elementor-widget-wrap elementor-element-populated\">\n\t\t\t\t\t\t<div class=\"elementor-element elementor-element-5272ab4 elementor-widget elementor-widget-google_maps\" data-id=\"5272ab4\" data-element_type=\"widget\" data-e-type=\"widget\" data-widget_type=\"google_maps.default\">\n\t\t\t\t<div class=\"elementor-widget-container\">\n\t\t\t\t\t\t\t<div class=\"elementor-custom-embed\">\n\t\t\t<iframe loading=\"lazy\"\n\t\t\t\t\tsrc=\"https:\/\/maps.google.com\/maps?q=Mustafa%20Kemal%2C%20CoZone%2C%20%C3%87ankaya%2FAnkara&#038;t=m&#038;z=14&#038;output=embed&#038;iwloc=near\"\n\t\t\t\t\ttitle=\"Mustafa Kemal, CoZone, \u00c7ankaya\/Ankara\"\n\t\t\t\t\taria-label=\"Mustafa Kemal, CoZone, \u00c7ankaya\/Ankara\"\n\t\t\t><\/iframe>\n\t\t<\/div>\n\t\t\t\t\t\t<\/div>\n\t\t\t\t<\/div>\n\t\t\t\t\t<\/div>\n\t\t<\/div>\n\t\t\t\t\t<\/div>\n\t\t<\/section>\n\t\t\t\t<\/div>\n\t\t","protected":false},"excerpt":{"rendered":"<p>\u0130leti\u015fim Cern Ar-Ge Klinik Ara\u015ft\u0131rmalar Medikal Y\u00f6netim Hizmetleri Bili\u015fim Teknolojileri Elektronik Yaz\u0131l\u0131m Dan\u0131\u015fmanl\u0131k Tic. Ltd. \u015eti.Mustafa Kemal Mahallesi, Dumlup\u0131nar Bulvar\u0131, Kap\u0131 No:280, G Daire No:1260 \/ \u00c7ankaya \/ Ankara \/ &#8230;<\/p>\n","protected":false},"author":1,"featured_media":0,"parent":0,"menu_order":0,"comment_status":"closed","ping_status":"closed","template":"","meta":{"footnotes":""},"class_list":["post-210","page","type-page","status-publish","hentry"],"_links":{"self":[{"href":"https:\/\/www.cern.com.tr\/index.php?rest_route=\/wp\/v2\/pages\/210","targetHints":{"allow":["GET"]}}],"collection":[{"href":"https:\/\/www.cern.com.tr\/index.php?rest_route=\/wp\/v2\/pages"}],"about":[{"href":"https:\/\/www.cern.com.tr\/index.php?rest_route=\/wp\/v2\/types\/page"}],"author":[{"embeddable":true,"href":"https:\/\/www.cern.com.tr\/index.php?rest_route=\/wp\/v2\/users\/1"}],"replies":[{"embeddable":true,"href":"https:\/\/www.cern.com.tr\/index.php?rest_route=%2Fwp%2Fv2%2Fcomments&post=210"}],"version-history":[{"count":12,"href":"https:\/\/www.cern.com.tr\/index.php?rest_route=\/wp\/v2\/pages\/210\/revisions"}],"predecessor-version":[{"id":226,"href":"https:\/\/www.cern.com.tr\/index.php?rest_route=\/wp\/v2\/pages\/210\/revisions\/226"}],"wp:attachment":[{"href":"https:\/\/www.cern.com.tr\/index.php?rest_route=%2Fwp%2Fv2%2Fmedia&parent=210"}],"curies":[{"name":"wp","href":"https:\/\/api.w.org\/{rel}","templated":true}]}}