{"id":18,"date":"2022-04-24T20:56:35","date_gmt":"2022-04-24T20:56:35","guid":{"rendered":"https:\/\/www.cern.com.tr\/?page_id=18"},"modified":"2022-04-24T22:55:43","modified_gmt":"2022-04-24T22:55:43","slug":"hakkimizda","status":"publish","type":"page","link":"https:\/\/www.cern.com.tr\/?page_id=18","title":{"rendered":"Hakk\u0131m\u0131zda"},"content":{"rendered":"\n<h2 class=\"wp-block-heading\"><strong>Hakk\u0131m\u0131zda<\/strong><\/h2>\n\n\n\n<p>CERN , Sa\u011fl\u0131k Bakanl\u0131\u011f\u0131; \u00fcniversiteler ve benzeri kurumlar\/kurulu\u015flar ile koordineli olarak \u00e7al\u0131\u015farak \u00e7e\u015fitli hizmetler vermektedir. Bu hizmetlerden \u00f6ne \u00e7\u0131kan, Ankara \u00dcniversitesi b\u00fcnyesinde ger\u00e7ekle\u015ftirilen k\u0131sa yar\u0131 \u00f6m\u00fcrl\u00fc radyofarmas\u00f6tik \u00fcretimi projesidir. \u0130lgili projeyi Ankara \u00dcniversitesi N\u00fckleer T\u0131p Ana Bilim Dal\u0131 y\u00fcr\u00fctmektedir ve&nbsp;Kalk\u0131nma Bakanl\u0131\u011f\u0131 taraf\u0131ndan desteklenmektedir. T\u00fcrkiye de bir ba\u015fka benzeri bulunmayan bu proje kapsam\u0131nda olu\u015fturulan&nbsp;medikal par\u00e7ac\u0131k h\u0131zland\u0131r\u0131c\u0131 sistem (siklotron) ile buna ba\u011fl\u0131 ARGE ve referans merkezi sayesinde T\u00fcrkiye de \u00fcretilemeyen radyoizotoplar \u00fcretilerek bilimsel ara\u015ft\u0131rmalar yan\u0131nda sa\u011fl\u0131k hizmetlerine de \u00f6nemli katk\u0131lar sa\u011flanm\u0131\u015ft\u0131r.<\/p>\n\n\n\n<p>Sa\u011fl\u0131k Hizmet Sekt\u00f6r\u00fc, \u0130la\u00e7 Sekt\u00f6r\u00fc, T\u0131bb\u0131 Cihaz Sekt\u00f6r\u00fc, Sa\u011fl\u0131k Finansman\u0131, Sa\u011fl\u0131k Y\u00f6netimi, Sa\u011fl\u0131k Yat\u0131r\u0131mlar\u0131, Sa\u011fl\u0131k Turizmi alanlar\u0131nda her t\u00fcrl\u00fc ara\u015ft\u0131rma hizmetleri vermekteyiz. Sa\u011fl\u0131k hizmet sunucular\u0131na; s\u00fcre\u00e7 analizi, y\u00f6netimi ve i\u015f modelinin olu\u015fturulmas\u0131,&nbsp;sa\u011fl\u0131k politikalar\u0131 dan\u0131\u015fmanl\u0131\u011f\u0131 hizmetlerini sunmaktay\u0131z.<\/p>\n\n\n\n<p>Ara\u015ft\u0131rma\/geli\u015ftirme s\u00fcre\u00e7lerinde kamu kurumlar\u0131, \u00fcniversiteler ve \u00f6zel sekt\u00f6r aras\u0131nda i\u015fbirli\u011fi i\u00e7in \u00f6nc\u00fcl\u00fck ederek&nbsp;uzman kadrosu ile idari ve teknik hususlarda hizmet vermekteyiz.<\/p>\n","protected":false},"excerpt":{"rendered":"<p>Hakk\u0131m\u0131zda CERN , Sa\u011fl\u0131k Bakanl\u0131\u011f\u0131; \u00fcniversiteler ve benzeri kurumlar\/kurulu\u015flar ile koordineli olarak \u00e7al\u0131\u015farak \u00e7e\u015fitli hizmetler vermektedir. Bu hizmetlerden \u00f6ne \u00e7\u0131kan, Ankara \u00dcniversitesi b\u00fcnyesinde ger\u00e7ekle\u015ftirilen k\u0131sa yar\u0131 \u00f6m\u00fcrl\u00fc radyofarmas\u00f6tik \u00fcretimi projesidir. &#8230;<\/p>\n","protected":false},"author":1,"featured_media":0,"parent":0,"menu_order":0,"comment_status":"closed","ping_status":"closed","template":"","meta":{"footnotes":""},"class_list":["post-18","page","type-page","status-publish","hentry"],"_links":{"self":[{"href":"https:\/\/www.cern.com.tr\/index.php?rest_route=\/wp\/v2\/pages\/18","targetHints":{"allow":["GET"]}}],"collection":[{"href":"https:\/\/www.cern.com.tr\/index.php?rest_route=\/wp\/v2\/pages"}],"about":[{"href":"https:\/\/www.cern.com.tr\/index.php?rest_route=\/wp\/v2\/types\/page"}],"author":[{"embeddable":true,"href":"https:\/\/www.cern.com.tr\/index.php?rest_route=\/wp\/v2\/users\/1"}],"replies":[{"embeddable":true,"href":"https:\/\/www.cern.com.tr\/index.php?rest_route=%2Fwp%2Fv2%2Fcomments&post=18"}],"version-history":[{"count":4,"href":"https:\/\/www.cern.com.tr\/index.php?rest_route=\/wp\/v2\/pages\/18\/revisions"}],"predecessor-version":[{"id":168,"href":"https:\/\/www.cern.com.tr\/index.php?rest_route=\/wp\/v2\/pages\/18\/revisions\/168"}],"wp:attachment":[{"href":"https:\/\/www.cern.com.tr\/index.php?rest_route=%2Fwp%2Fv2%2Fmedia&parent=18"}],"curies":[{"name":"wp","href":"https:\/\/api.w.org\/{rel}","templated":true}]}}